{"id":13,"date":"2025-06-16T15:28:19","date_gmt":"2025-06-16T15:28:19","guid":{"rendered":"https:\/\/www.instmaroto.edu.co\/servicios\/"},"modified":"2025-06-19T08:09:14","modified_gmt":"2025-06-19T13:09:14","slug":"servicios","status":"publish","type":"page","link":"https:\/\/www.instmaroto.edu.co\/?page_id=13","title":{"rendered":"Recursos"},"content":{"rendered":"\t\t<div data-elementor-type=\"wp-page\" data-elementor-id=\"13\" class=\"elementor elementor-13\">\n\t\t\t\t\t\t<section class=\"elementor-section elementor-top-section elementor-element elementor-element-7d0189ba elementor-section-content-middle elementor-section-full_width elementor-section-height-default elementor-section-height-default\" data-id=\"7d0189ba\" data-element_type=\"section\" data-e-type=\"section\">\n\t\t\t\t\t\t<div class=\"elementor-container elementor-column-gap-no\">\n\t\t\t\t\t<div class=\"elementor-column elementor-col-100 elementor-top-column elementor-element elementor-element-5d3ea598\" data-id=\"5d3ea598\" data-element_type=\"column\" data-e-type=\"column\">\n\t\t\t<div class=\"elementor-widget-wrap elementor-element-populated\">\n\t\t\t\t\t\t<div class=\"elementor-element elementor-element-7a01299a elementor-widget elementor-widget-heading\" data-id=\"7a01299a\" data-element_type=\"widget\" data-e-type=\"widget\" data-widget_type=\"heading.default\">\n\t\t\t\t\t<h1 class=\"elementor-heading-title elementor-size-default\">Centro de Recursos <\/h1>\t\t\t\t<\/div>\n\t\t\t\t<div class=\"elementor-element elementor-element-f3c6f17 elementor-widget-divider--view-line elementor-widget elementor-widget-divider\" data-id=\"f3c6f17\" data-element_type=\"widget\" data-e-type=\"widget\" data-widget_type=\"divider.default\">\n\t\t\t\t\t\t\t<div class=\"elementor-divider\">\n\t\t\t<span class=\"elementor-divider-separator\">\n\t\t\t\t\t\t<\/span>\n\t\t<\/div>\n\t\t\t\t\t\t<\/div>\n\t\t\t\t<div class=\"elementor-element elementor-element-54d65aa2 elementor-widget__width-initial elementor-widget-tablet__width-initial elementor-widget elementor-widget-heading\" data-id=\"54d65aa2\" data-element_type=\"widget\" data-e-type=\"widget\" data-widget_type=\"heading.default\">\n\t\t\t\t\t<h5 class=\"elementor-heading-title elementor-size-default\">Nos complace ofrecerte una amplia gama de recursos did\u00e1cticos y tecnol\u00f3gicos dise\u00f1ados para impulsar tu \u00e9xito y satisfacer tus necesidades.<\/h5>\t\t\t\t<\/div>\n\t\t\t\t\t<\/div>\n\t\t<\/div>\n\t\t\t\t\t<\/div>\n\t\t<\/section>\n\t\t\t\t<section class=\"elementor-section elementor-top-section elementor-element elementor-element-1affc4fc elementor-section-content-middle elementor-section-full_width elementor-section-height-default elementor-section-height-default\" data-id=\"1affc4fc\" data-element_type=\"section\" data-e-type=\"section\" id=\"service1\">\n\t\t\t\t\t\t<div class=\"elementor-container elementor-column-gap-no\">\n\t\t\t\t\t<div class=\"elementor-column elementor-col-50 elementor-top-column elementor-element elementor-element-17ce9b98\" data-id=\"17ce9b98\" data-element_type=\"column\" data-e-type=\"column\">\n\t\t\t<div class=\"elementor-widget-wrap elementor-element-populated\">\n\t\t\t\t\t\t<div class=\"elementor-element elementor-element-1b21b266 elementor-widget elementor-widget-heading\" data-id=\"1b21b266\" data-element_type=\"widget\" data-e-type=\"widget\" data-widget_type=\"heading.default\">\n\t\t\t\t\t<h2 class=\"elementor-heading-title elementor-size-default\"><a href=\"http:\/\/167.71.191.178\/instmaroto.eduadmin.co\/login.php\" target=\"_blank\">Sistema de Gesti\u00f3n Acad\u00e9mica<\/a><\/h2>\t\t\t\t<\/div>\n\t\t\t\t<div class=\"elementor-element elementor-element-5ac76816 elementor-widget elementor-widget-text-editor\" data-id=\"5ac76816\" data-element_type=\"widget\" data-e-type=\"widget\" data-widget_type=\"text-editor.default\">\n\t\t\t\t\t\t\t\t\t<p>Aplicaci\u00f3n Web, Exclusiva para el Registro de Calificaciones por los Docentes y para la Consulta y Descarga de los Informes Acad\u00e9micos de los Estudiantes de la Instituci\u00f3n Educativa.<\/p>\t\t\t\t\t\t\t\t<\/div>\n\t\t\t\t\t<\/div>\n\t\t<\/div>\n\t\t\t\t<div class=\"elementor-column elementor-col-50 elementor-top-column elementor-element elementor-element-85d9485\" data-id=\"85d9485\" data-element_type=\"column\" data-e-type=\"column\" data-settings=\"{&quot;background_background&quot;:&quot;classic&quot;}\">\n\t\t\t<div class=\"elementor-widget-wrap elementor-element-populated\">\n\t\t\t\t\t\t<div class=\"elementor-element elementor-element-746d87ec elementor-widget elementor-widget-image\" data-id=\"746d87ec\" data-element_type=\"widget\" data-e-type=\"widget\" data-widget_type=\"image.default\">\n\t\t\t\t\t\t\t\t\t\t\t\t\t\t\t\t<a href=\"http:\/\/167.71.191.178\/instmaroto.eduadmin.co\/login.php\" target=\"_blank\">\n\t\t\t\t\t\t\t<img fetchpriority=\"high\" decoding=\"async\" width=\"300\" height=\"218\" src=\"https:\/\/www.instmaroto.edu.co\/wp-content\/uploads\/2025\/06\/WebCalificaciones-300x218.png\" class=\"attachment-medium size-medium wp-image-366\" alt=\"\" srcset=\"https:\/\/www.instmaroto.edu.co\/wp-content\/uploads\/2025\/06\/WebCalificaciones-300x218.png 300w, https:\/\/www.instmaroto.edu.co\/wp-content\/uploads\/2025\/06\/WebCalificaciones.png 646w\" sizes=\"(max-width: 300px) 100vw, 300px\" \/>\t\t\t\t\t\t\t\t<\/a>\n\t\t\t\t\t\t\t\t\t\t\t\t\t\t\t<\/div>\n\t\t\t\t\t<\/div>\n\t\t<\/div>\n\t\t\t\t\t<\/div>\n\t\t<\/section>\n\t\t\t\t<section class=\"elementor-section elementor-top-section elementor-element elementor-element-5c0e41b2 elementor-section-content-middle elementor-section-full_width elementor-section-height-default elementor-section-height-default\" data-id=\"5c0e41b2\" data-element_type=\"section\" data-e-type=\"section\" id=\"service2\">\n\t\t\t\t\t\t<div class=\"elementor-container elementor-column-gap-no\">\n\t\t\t\t\t<div class=\"elementor-column elementor-col-50 elementor-top-column elementor-element elementor-element-37234218\" data-id=\"37234218\" data-element_type=\"column\" data-e-type=\"column\">\n\t\t\t<div class=\"elementor-widget-wrap elementor-element-populated\">\n\t\t\t\t\t\t<div class=\"elementor-element elementor-element-6ed4a60 elementor-widget__width-initial elementor-widget elementor-widget-heading\" data-id=\"6ed4a60\" data-element_type=\"widget\" data-e-type=\"widget\" data-widget_type=\"heading.default\">\n\t\t\t\t\t<h2 class=\"elementor-heading-title elementor-size-default\"><a href=\"http:\/\/167.71.191.178\/instmaroto.ciclos\/login.php\" target=\"_blank\">S.G.A. Educaci\u00f3n por Ciclos<\/a><\/h2>\t\t\t\t<\/div>\n\t\t\t\t<div class=\"elementor-element elementor-element-6605f631 elementor-widget elementor-widget-text-editor\" data-id=\"6605f631\" data-element_type=\"widget\" data-e-type=\"widget\" data-widget_type=\"text-editor.default\">\n\t\t\t\t\t\t\t\t\t<p>Aplicaci\u00f3n Web, Exclusiva para el Registro de Calificaciones por los Docentes y para la Consulta y Descarga de los Informes Acad\u00e9micos de los Estudiantes de la Jornada Nocturna de la Instituci\u00f3n Educativa.<\/p>\t\t\t\t\t\t\t\t<\/div>\n\t\t\t\t\t<\/div>\n\t\t<\/div>\n\t\t\t\t<div class=\"elementor-column elementor-col-50 elementor-top-column elementor-element elementor-element-71f17d3e\" data-id=\"71f17d3e\" data-element_type=\"column\" data-e-type=\"column\" data-settings=\"{&quot;background_background&quot;:&quot;classic&quot;}\">\n\t\t\t<div class=\"elementor-widget-wrap elementor-element-populated\">\n\t\t\t\t\t\t<div class=\"elementor-element elementor-element-34cddf3b elementor-widget elementor-widget-image\" data-id=\"34cddf3b\" data-element_type=\"widget\" data-e-type=\"widget\" data-widget_type=\"image.default\">\n\t\t\t\t\t\t\t\t\t\t\t\t\t\t\t\t<a href=\"http:\/\/167.71.191.178\/instmaroto.ciclos\/login.php\" target=\"_blank\">\n\t\t\t\t\t\t\t<img fetchpriority=\"high\" decoding=\"async\" width=\"300\" height=\"218\" src=\"https:\/\/www.instmaroto.edu.co\/wp-content\/uploads\/2025\/06\/WebCalificaciones-300x218.png\" class=\"attachment-medium size-medium wp-image-366\" alt=\"\" srcset=\"https:\/\/www.instmaroto.edu.co\/wp-content\/uploads\/2025\/06\/WebCalificaciones-300x218.png 300w, https:\/\/www.instmaroto.edu.co\/wp-content\/uploads\/2025\/06\/WebCalificaciones.png 646w\" sizes=\"(max-width: 300px) 100vw, 300px\" \/>\t\t\t\t\t\t\t\t<\/a>\n\t\t\t\t\t\t\t\t\t\t\t\t\t\t\t<\/div>\n\t\t\t\t\t<\/div>\n\t\t<\/div>\n\t\t\t\t\t<\/div>\n\t\t<\/section>\n\t\t\t\t<section class=\"elementor-section elementor-top-section elementor-element elementor-element-479f00cd elementor-section-content-middle elementor-section-full_width elementor-section-height-default elementor-section-height-default\" data-id=\"479f00cd\" data-element_type=\"section\" data-e-type=\"section\" id=\"service3\">\n\t\t\t\t\t\t<div class=\"elementor-container elementor-column-gap-no\">\n\t\t\t\t\t<div class=\"elementor-column elementor-col-50 elementor-top-column elementor-element elementor-element-2cd93278\" data-id=\"2cd93278\" data-element_type=\"column\" data-e-type=\"column\">\n\t\t\t<div class=\"elementor-widget-wrap elementor-element-populated\">\n\t\t\t\t\t\t<div class=\"elementor-element elementor-element-3f5b468f elementor-widget elementor-widget-heading\" data-id=\"3f5b468f\" data-element_type=\"widget\" data-e-type=\"widget\" data-widget_type=\"heading.default\">\n\t\t\t\t\t<h2 class=\"elementor-heading-title elementor-size-default\"><a href=\"https:\/\/instmaroto.edu.co\/votaciones\/\" target=\"_blank\">Elecciones Gobierno escolar<\/a><\/h2>\t\t\t\t<\/div>\n\t\t\t\t<div class=\"elementor-element elementor-element-7fd4504d elementor-widget elementor-widget-text-editor\" data-id=\"7fd4504d\" data-element_type=\"widget\" data-e-type=\"widget\" data-widget_type=\"text-editor.default\">\n\t\t\t\t\t\t\t\t\t<p>Aplicaci\u00f3n Web, Exclusivo para el Proceso de Votaciones en tiempo real de los Estudiantes aspirantes a los diferentes cargos del Gobierno Escolar de la Instituci\u00f3n Educativa.<\/p>\t\t\t\t\t\t\t\t<\/div>\n\t\t\t\t\t<\/div>\n\t\t<\/div>\n\t\t\t\t<div class=\"elementor-column elementor-col-50 elementor-top-column elementor-element elementor-element-d97f699\" data-id=\"d97f699\" data-element_type=\"column\" data-e-type=\"column\" data-settings=\"{&quot;background_background&quot;:&quot;classic&quot;}\">\n\t\t\t<div class=\"elementor-widget-wrap elementor-element-populated\">\n\t\t\t\t\t\t<div class=\"elementor-element elementor-element-7f39f7da elementor-widget elementor-widget-image\" data-id=\"7f39f7da\" data-element_type=\"widget\" data-e-type=\"widget\" data-widget_type=\"image.default\">\n\t\t\t\t\t\t\t\t\t\t\t\t\t\t\t\t<a href=\"https:\/\/instmaroto.edu.co\/votaciones\/\" target=\"_blank\">\n\t\t\t\t\t\t\t<img decoding=\"async\" width=\"300\" height=\"223\" src=\"https:\/\/www.instmaroto.edu.co\/wp-content\/uploads\/2025\/06\/WebVotaciones-300x223.png\" class=\"attachment-medium size-medium wp-image-377\" alt=\"\" srcset=\"https:\/\/www.instmaroto.edu.co\/wp-content\/uploads\/2025\/06\/WebVotaciones-300x223.png 300w, https:\/\/www.instmaroto.edu.co\/wp-content\/uploads\/2025\/06\/WebVotaciones.png 641w\" sizes=\"(max-width: 300px) 100vw, 300px\" \/>\t\t\t\t\t\t\t\t<\/a>\n\t\t\t\t\t\t\t\t\t\t\t\t\t\t\t<\/div>\n\t\t\t\t\t<\/div>\n\t\t<\/div>\n\t\t\t\t\t<\/div>\n\t\t<\/section>\n\t\t\t\t<section class=\"elementor-section elementor-top-section elementor-element elementor-element-5af1e4aa elementor-section-content-middle elementor-section-full_width elementor-section-height-default elementor-section-height-default\" data-id=\"5af1e4aa\" data-element_type=\"section\" data-e-type=\"section\" id=\"service4\">\n\t\t\t\t\t\t<div class=\"elementor-container elementor-column-gap-no\">\n\t\t\t\t\t<div class=\"elementor-column elementor-col-50 elementor-top-column elementor-element elementor-element-70cfcb99\" data-id=\"70cfcb99\" data-element_type=\"column\" data-e-type=\"column\">\n\t\t\t<div class=\"elementor-widget-wrap elementor-element-populated\">\n\t\t\t\t\t\t<div class=\"elementor-element elementor-element-2dc1537d elementor-widget elementor-widget-heading\" data-id=\"2dc1537d\" data-element_type=\"widget\" data-e-type=\"widget\" data-widget_type=\"heading.default\">\n\t\t\t\t\t<h2 class=\"elementor-heading-title elementor-size-default\"><a href=\"https:\/\/www.instmaroto.edu.co\/courses\/pruebas-saber-11\/\">Simulador Prueba Saber 11\u00b0<\/a><\/h2>\t\t\t\t<\/div>\n\t\t\t\t<div class=\"elementor-element elementor-element-2d9864db elementor-widget elementor-widget-text-editor\" data-id=\"2d9864db\" data-element_type=\"widget\" data-e-type=\"widget\" data-widget_type=\"text-editor.default\">\n\t\t\t\t\t\t\t\t\t<p>Aplicaci\u00f3n OnLine que permite a los Estudiantes del Grado 11\u00b0 de la Instituci\u00f3n Educativa, realizar el examen saber 11\u00b0 de forma virtual.<\/p>\t\t\t\t\t\t\t\t<\/div>\n\t\t\t\t\t<\/div>\n\t\t<\/div>\n\t\t\t\t<div class=\"elementor-column elementor-col-50 elementor-top-column elementor-element elementor-element-50979f62\" data-id=\"50979f62\" data-element_type=\"column\" data-e-type=\"column\" data-settings=\"{&quot;background_background&quot;:&quot;classic&quot;}\">\n\t\t\t<div class=\"elementor-widget-wrap elementor-element-populated\">\n\t\t\t\t\t\t<div class=\"elementor-element elementor-element-f57c096 elementor-widget elementor-widget-image\" data-id=\"f57c096\" data-element_type=\"widget\" data-e-type=\"widget\" data-widget_type=\"image.default\">\n\t\t\t\t\t\t\t\t\t\t\t\t\t\t\t\t<a href=\"https:\/\/www.instmaroto.edu.co\/courses\/pruebas-saber-11\/\">\n\t\t\t\t\t\t\t<img decoding=\"async\" width=\"300\" height=\"116\" src=\"https:\/\/www.instmaroto.edu.co\/wp-content\/uploads\/2025\/06\/Saber11-300x116.png\" class=\"attachment-medium size-medium wp-image-400\" alt=\"\" srcset=\"https:\/\/www.instmaroto.edu.co\/wp-content\/uploads\/2025\/06\/Saber11-300x116.png 300w, https:\/\/www.instmaroto.edu.co\/wp-content\/uploads\/2025\/06\/Saber11.png 306w\" sizes=\"(max-width: 300px) 100vw, 300px\" \/>\t\t\t\t\t\t\t\t<\/a>\n\t\t\t\t\t\t\t\t\t\t\t\t\t\t\t<\/div>\n\t\t\t\t\t<\/div>\n\t\t<\/div>\n\t\t\t\t\t<\/div>\n\t\t<\/section>\n\t\t\t\t<section class=\"elementor-section elementor-top-section elementor-element elementor-element-b6834c6 elementor-section-content-middle elementor-section-full_width elementor-section-height-default elementor-section-height-default\" data-id=\"b6834c6\" data-element_type=\"section\" data-e-type=\"section\">\n\t\t\t\t\t\t<div class=\"elementor-container elementor-column-gap-no\">\n\t\t\t\t\t<div class=\"elementor-column elementor-col-50 elementor-top-column elementor-element elementor-element-2bf3ee1\" data-id=\"2bf3ee1\" data-element_type=\"column\" data-e-type=\"column\">\n\t\t\t<div class=\"elementor-widget-wrap elementor-element-populated\">\n\t\t\t\t\t\t<div class=\"elementor-element elementor-element-d1c68a9 elementor-widget elementor-widget-heading\" data-id=\"d1c68a9\" data-element_type=\"widget\" data-e-type=\"widget\" data-widget_type=\"heading.default\">\n\t\t\t\t\t<h2 class=\"elementor-heading-title elementor-size-default\"><a href=\"https:\/\/colombiaaprende.edu.co\/contenidos-para-aprender\">Contenidos para Aprender<\/a><\/h2>\t\t\t\t<\/div>\n\t\t\t\t<div class=\"elementor-element elementor-element-587b634 elementor-widget elementor-widget-text-editor\" data-id=\"587b634\" data-element_type=\"widget\" data-e-type=\"widget\" data-widget_type=\"text-editor.default\">\n\t\t\t\t\t\t\t\t\t<p>Los Contenidos para aprender permiten que los estudiantes desarrollen habilidades para procesar y comunicar informaci\u00f3n, as\u00ed como realizar conexiones entre diferentes temas transform\u00e1ndolos en conocimiento.\u00a0<\/p>\t\t\t\t\t\t\t\t<\/div>\n\t\t\t\t\t<\/div>\n\t\t<\/div>\n\t\t\t\t<div class=\"elementor-column elementor-col-50 elementor-top-column elementor-element elementor-element-cbb6d88\" data-id=\"cbb6d88\" data-element_type=\"column\" data-e-type=\"column\" data-settings=\"{&quot;background_background&quot;:&quot;classic&quot;}\">\n\t\t\t<div class=\"elementor-widget-wrap elementor-element-populated\">\n\t\t\t\t\t\t<div class=\"elementor-element elementor-element-398de35 elementor-widget elementor-widget-image\" data-id=\"398de35\" data-element_type=\"widget\" data-e-type=\"widget\" data-widget_type=\"image.default\">\n\t\t\t\t\t\t\t\t\t\t\t\t\t\t\t\t<a href=\"https:\/\/colombiaaprende.edu.co\/contenidos-para-aprender\">\n\t\t\t\t\t\t\t<img loading=\"lazy\" decoding=\"async\" width=\"300\" height=\"300\" src=\"https:\/\/www.instmaroto.edu.co\/wp-content\/uploads\/2025\/06\/ContenidosParaAparender-300x300.jpg\" class=\"attachment-medium size-medium wp-image-390\" alt=\"\" srcset=\"https:\/\/www.instmaroto.edu.co\/wp-content\/uploads\/2025\/06\/ContenidosParaAparender-300x300.jpg 300w, https:\/\/www.instmaroto.edu.co\/wp-content\/uploads\/2025\/06\/ContenidosParaAparender-150x150.jpg 150w, https:\/\/www.instmaroto.edu.co\/wp-content\/uploads\/2025\/06\/ContenidosParaAparender-768x768.jpg 768w, https:\/\/www.instmaroto.edu.co\/wp-content\/uploads\/2025\/06\/ContenidosParaAparender.jpg 868w\" sizes=\"(max-width: 300px) 100vw, 300px\" \/>\t\t\t\t\t\t\t\t<\/a>\n\t\t\t\t\t\t\t\t\t\t\t\t\t\t\t<\/div>\n\t\t\t\t\t<\/div>\n\t\t<\/div>\n\t\t\t\t\t<\/div>\n\t\t<\/section>\n\t\t\t\t<\/div>\n\t\t","protected":false},"excerpt":{"rendered":"<p>Recursos educativos<\/p>\n","protected":false},"author":1,"featured_media":0,"parent":0,"menu_order":0,"comment_status":"closed","ping_status":"closed","template":"elementor_header_footer","meta":{"footnotes":""},"class_list":["post-13","page","type-page","status-publish","hentry"],"_links":{"self":[{"href":"https:\/\/www.instmaroto.edu.co\/index.php?rest_route=\/wp\/v2\/pages\/13","targetHints":{"allow":["GET"]}}],"collection":[{"href":"https:\/\/www.instmaroto.edu.co\/index.php?rest_route=\/wp\/v2\/pages"}],"about":[{"href":"https:\/\/www.instmaroto.edu.co\/index.php?rest_route=\/wp\/v2\/types\/page"}],"author":[{"embeddable":true,"href":"https:\/\/www.instmaroto.edu.co\/index.php?rest_route=\/wp\/v2\/users\/1"}],"replies":[{"embeddable":true,"href":"https:\/\/www.instmaroto.edu.co\/index.php?rest_route=%2Fwp%2Fv2%2Fcomments&post=13"}],"version-history":[{"count":52,"href":"https:\/\/www.instmaroto.edu.co\/index.php?rest_route=\/wp\/v2\/pages\/13\/revisions"}],"predecessor-version":[{"id":486,"href":"https:\/\/www.instmaroto.edu.co\/index.php?rest_route=\/wp\/v2\/pages\/13\/revisions\/486"}],"wp:attachment":[{"href":"https:\/\/www.instmaroto.edu.co\/index.php?rest_route=%2Fwp%2Fv2%2Fmedia&parent=13"}],"curies":[{"name":"wp","href":"https:\/\/api.w.org\/{rel}","templated":true}]}}