{"id":16,"date":"2025-06-16T15:28:19","date_gmt":"2025-06-16T15:28:19","guid":{"rendered":"https:\/\/www.instmaroto.edu.co\/nosotros\/"},"modified":"2025-06-18T01:27:11","modified_gmt":"2025-06-18T01:27:11","slug":"nosotros","status":"publish","type":"page","link":"https:\/\/www.instmaroto.edu.co\/?page_id=16","title":{"rendered":"Nosotros"},"content":{"rendered":"\t\t<div data-elementor-type=\"wp-page\" data-elementor-id=\"16\" class=\"elementor elementor-16\">\n\t\t\t\t\t\t<section class=\"elementor-section elementor-top-section elementor-element elementor-element-163eddbb elementor-section-full_width elementor-reverse-tablet elementor-reverse-mobile elementor-section-height-default elementor-section-height-default\" data-id=\"163eddbb\" data-element_type=\"section\" data-e-type=\"section\">\n\t\t\t\t\t\t<div class=\"elementor-container elementor-column-gap-no\">\n\t\t\t\t\t<div class=\"elementor-column elementor-col-50 elementor-top-column elementor-element elementor-element-3a6c33ae\" data-id=\"3a6c33ae\" data-element_type=\"column\" data-e-type=\"column\">\n\t\t\t<div class=\"elementor-widget-wrap elementor-element-populated\">\n\t\t\t\t\t\t<div class=\"elementor-element elementor-element-99c8cb9 elementor-widget elementor-widget-heading\" data-id=\"99c8cb9\" data-element_type=\"widget\" data-e-type=\"widget\" data-widget_type=\"heading.default\">\n\t\t\t\t\t<h2 class=\"elementor-heading-title elementor-size-default\">Misi\u00f3n<\/h2>\t\t\t\t<\/div>\n\t\t\t\t<div class=\"elementor-element elementor-element-40120355 elementor-widget-divider--view-line elementor-widget elementor-widget-divider\" data-id=\"40120355\" data-element_type=\"widget\" data-e-type=\"widget\" data-widget_type=\"divider.default\">\n\t\t\t\t\t\t\t<div class=\"elementor-divider\">\n\t\t\t<span class=\"elementor-divider-separator\">\n\t\t\t\t\t\t<\/span>\n\t\t<\/div>\n\t\t\t\t\t\t<\/div>\n\t\t\t\t<div class=\"elementor-element elementor-element-6a2b2a32 elementor-widget__width-initial elementor-widget elementor-widget-text-editor\" data-id=\"6a2b2a32\" data-element_type=\"widget\" data-e-type=\"widget\" data-widget_type=\"text-editor.default\">\n\t\t\t\t\t\t\t\t\t<p>Somos una Instituci\u00f3n educativa de car\u00e1cter oficial que ofrece una educaci\u00f3n incluyente y de calidad a ni\u00f1os, j\u00f3venes y adultos, a trav\u00e9s de una pedagog\u00eda cr\u00edtica, investigativa y reflexiva, con enfoque metodol\u00f3gico significativo, donde la formaci\u00f3n en valores y la \u00e9tica forjen la cultura de paz y el respeto por el entorno socio-cultural y f\u00edsico-ambiental.<\/p>\t\t\t\t\t\t\t\t<\/div>\n\t\t\t\t\t<\/div>\n\t\t<\/div>\n\t\t\t\t<div class=\"elementor-column elementor-col-50 elementor-top-column elementor-element elementor-element-6bb96c\" data-id=\"6bb96c\" data-element_type=\"column\" data-e-type=\"column\" data-settings=\"{&quot;background_background&quot;:&quot;classic&quot;}\">\n\t\t\t<div class=\"elementor-widget-wrap elementor-element-populated\">\n\t\t\t\t\t\t<div class=\"elementor-element elementor-element-1e104da3 elementor-widget elementor-widget-image\" data-id=\"1e104da3\" data-element_type=\"widget\" data-e-type=\"widget\" data-widget_type=\"image.default\">\n\t\t\t\t\t\t\t\t\t\t\t\t\t\t\t<img fetchpriority=\"high\" decoding=\"async\" width=\"800\" height=\"360\" src=\"https:\/\/www.instmaroto.edu.co\/wp-content\/uploads\/2025\/06\/WhatsApp-Image-2025-06-16-at-11.17.33-AM-1024x461.jpeg\" class=\"attachment-large size-large wp-image-314\" alt=\"\" srcset=\"https:\/\/www.instmaroto.edu.co\/wp-content\/uploads\/2025\/06\/WhatsApp-Image-2025-06-16-at-11.17.33-AM-1024x461.jpeg 1024w, https:\/\/www.instmaroto.edu.co\/wp-content\/uploads\/2025\/06\/WhatsApp-Image-2025-06-16-at-11.17.33-AM-300x135.jpeg 300w, https:\/\/www.instmaroto.edu.co\/wp-content\/uploads\/2025\/06\/WhatsApp-Image-2025-06-16-at-11.17.33-AM-768x346.jpeg 768w, https:\/\/www.instmaroto.edu.co\/wp-content\/uploads\/2025\/06\/WhatsApp-Image-2025-06-16-at-11.17.33-AM-1536x691.jpeg 1536w, https:\/\/www.instmaroto.edu.co\/wp-content\/uploads\/2025\/06\/WhatsApp-Image-2025-06-16-at-11.17.33-AM.jpeg 1600w\" sizes=\"(max-width: 800px) 100vw, 800px\" \/>\t\t\t\t\t\t\t\t\t\t\t\t\t\t\t<\/div>\n\t\t\t\t\t<\/div>\n\t\t<\/div>\n\t\t\t\t\t<\/div>\n\t\t<\/section>\n\t\t\t\t<section class=\"elementor-section elementor-top-section elementor-element elementor-element-377ac7a2 elementor-section-full_width elementor-reverse-tablet elementor-reverse-mobile elementor-section-height-default elementor-section-height-default\" data-id=\"377ac7a2\" data-element_type=\"section\" data-e-type=\"section\">\n\t\t\t\t\t\t<div class=\"elementor-container elementor-column-gap-no\">\n\t\t\t\t\t<div class=\"elementor-column elementor-col-50 elementor-top-column elementor-element elementor-element-710e00f6\" data-id=\"710e00f6\" data-element_type=\"column\" data-e-type=\"column\">\n\t\t\t<div class=\"elementor-widget-wrap elementor-element-populated\">\n\t\t\t\t\t\t<div class=\"elementor-element elementor-element-c236b89 elementor-widget elementor-widget-image\" data-id=\"c236b89\" data-element_type=\"widget\" data-e-type=\"widget\" data-widget_type=\"image.default\">\n\t\t\t\t\t\t\t\t\t\t\t\t\t\t\t<img decoding=\"async\" width=\"651\" height=\"359\" src=\"https:\/\/www.instmaroto.edu.co\/wp-content\/uploads\/2025\/06\/EleccionesVirtuales.png\" class=\"attachment-large size-large wp-image-201\" alt=\"\" srcset=\"https:\/\/www.instmaroto.edu.co\/wp-content\/uploads\/2025\/06\/EleccionesVirtuales.png 651w, https:\/\/www.instmaroto.edu.co\/wp-content\/uploads\/2025\/06\/EleccionesVirtuales-300x165.png 300w\" sizes=\"(max-width: 651px) 100vw, 651px\" \/>\t\t\t\t\t\t\t\t\t\t\t\t\t\t\t<\/div>\n\t\t\t\t\t<\/div>\n\t\t<\/div>\n\t\t\t\t<div class=\"elementor-column elementor-col-50 elementor-top-column elementor-element elementor-element-1e34f577\" data-id=\"1e34f577\" data-element_type=\"column\" data-e-type=\"column\">\n\t\t\t<div class=\"elementor-widget-wrap elementor-element-populated\">\n\t\t\t\t\t\t<div class=\"elementor-element elementor-element-4560207a elementor-widget elementor-widget-heading\" data-id=\"4560207a\" data-element_type=\"widget\" data-e-type=\"widget\" data-widget_type=\"heading.default\">\n\t\t\t\t\t<h2 class=\"elementor-heading-title elementor-size-default\">Visi\u00f3n<\/h2>\t\t\t\t<\/div>\n\t\t\t\t<div class=\"elementor-element elementor-element-ef32f2b elementor-widget-divider--view-line elementor-widget elementor-widget-divider\" data-id=\"ef32f2b\" data-element_type=\"widget\" data-e-type=\"widget\" data-widget_type=\"divider.default\">\n\t\t\t\t\t\t\t<div class=\"elementor-divider\">\n\t\t\t<span class=\"elementor-divider-separator\">\n\t\t\t\t\t\t<\/span>\n\t\t<\/div>\n\t\t\t\t\t\t<\/div>\n\t\t\t\t<div class=\"elementor-element elementor-element-3a0ec514 elementor-widget__width-initial elementor-widget-tablet__width-inherit elementor-widget elementor-widget-text-editor\" data-id=\"3a0ec514\" data-element_type=\"widget\" data-e-type=\"widget\" data-widget_type=\"text-editor.default\">\n\t\t\t\t\t\t\t\t\t<p>En el a\u00f1o 2.025 seremos l\u00edderes en la regi\u00f3n, nuestra educaci\u00f3n estar\u00e1 altamente calificada por el compromiso empe\u00f1ado de docentes, estudiantes y padres de familia en la formaci\u00f3n de bachilleres con pensamiento cient\u00edfico y a la vanguardia de los avances tecnol\u00f3gicos.<\/p>\t\t\t\t\t\t\t\t<\/div>\n\t\t\t\t<div class=\"elementor-element elementor-element-d8fa39 elementor-widget elementor-widget-testimonial\" data-id=\"d8fa39\" data-element_type=\"widget\" data-e-type=\"widget\" data-widget_type=\"testimonial.default\">\n\t\t\t\t\t\t\t<div class=\"elementor-testimonial-wrapper\">\n\t\t\t\t\t\t\t<div class=\"elementor-testimonial-content\">Juntos, Creamos El Camino Hacia El \u00c9xito<\/div>\n\t\t\t\n\t\t\t\t\t<\/div>\n\t\t\t\t\t\t<\/div>\n\t\t\t\t\t<\/div>\n\t\t<\/div>\n\t\t\t\t\t<\/div>\n\t\t<\/section>\n\t\t\t\t<section class=\"elementor-section elementor-top-section elementor-element elementor-element-155e7716 elementor-section-full_width elementor-section-height-default elementor-section-height-default\" data-id=\"155e7716\" data-element_type=\"section\" data-e-type=\"section\">\n\t\t\t\t\t\t<div class=\"elementor-container elementor-column-gap-default\">\n\t\t\t\t\t<div class=\"elementor-column elementor-col-100 elementor-top-column elementor-element elementor-element-447a2384\" data-id=\"447a2384\" data-element_type=\"column\" data-e-type=\"column\">\n\t\t\t<div class=\"elementor-widget-wrap elementor-element-populated\">\n\t\t\t\t\t\t<div class=\"elementor-element elementor-element-741c4fe1 elementor-widget elementor-widget-heading\" data-id=\"741c4fe1\" data-element_type=\"widget\" data-e-type=\"widget\" data-widget_type=\"heading.default\">\n\t\t\t\t\t<h2 class=\"elementor-heading-title elementor-size-default\">Valores Institucionales<\/h2>\t\t\t\t<\/div>\n\t\t\t\t<div class=\"elementor-element elementor-element-8a37077 elementor-widget-divider--view-line elementor-widget elementor-widget-divider\" data-id=\"8a37077\" data-element_type=\"widget\" data-e-type=\"widget\" data-widget_type=\"divider.default\">\n\t\t\t\t\t\t\t<div class=\"elementor-divider\">\n\t\t\t<span class=\"elementor-divider-separator\">\n\t\t\t\t\t\t<\/span>\n\t\t<\/div>\n\t\t\t\t\t\t<\/div>\n\t\t\t\t<div class=\"elementor-element elementor-element-8f3eca4 elementor-widget elementor-widget-image\" data-id=\"8f3eca4\" data-element_type=\"widget\" data-e-type=\"widget\" data-widget_type=\"image.default\">\n\t\t\t\t\t\t\t\t\t\t\t\t\t\t\t<img decoding=\"async\" width=\"800\" height=\"360\" src=\"https:\/\/www.instmaroto.edu.co\/wp-content\/uploads\/2025\/06\/WhatsApp-Image-2025-06-16-at-11.33.03-AM-1024x461.jpeg\" class=\"attachment-large size-large wp-image-348\" alt=\"\" srcset=\"https:\/\/www.instmaroto.edu.co\/wp-content\/uploads\/2025\/06\/WhatsApp-Image-2025-06-16-at-11.33.03-AM-1024x461.jpeg 1024w, https:\/\/www.instmaroto.edu.co\/wp-content\/uploads\/2025\/06\/WhatsApp-Image-2025-06-16-at-11.33.03-AM-300x135.jpeg 300w, https:\/\/www.instmaroto.edu.co\/wp-content\/uploads\/2025\/06\/WhatsApp-Image-2025-06-16-at-11.33.03-AM-768x346.jpeg 768w, https:\/\/www.instmaroto.edu.co\/wp-content\/uploads\/2025\/06\/WhatsApp-Image-2025-06-16-at-11.33.03-AM-1536x692.jpeg 1536w, https:\/\/www.instmaroto.edu.co\/wp-content\/uploads\/2025\/06\/WhatsApp-Image-2025-06-16-at-11.33.03-AM.jpeg 2048w\" sizes=\"(max-width: 800px) 100vw, 800px\" \/>\t\t\t\t\t\t\t\t\t\t\t\t\t\t\t<\/div>\n\t\t\t\t<div class=\"elementor-element elementor-element-a50230c elementor-widget elementor-widget-text-editor\" data-id=\"a50230c\" data-element_type=\"widget\" data-e-type=\"widget\" data-widget_type=\"text-editor.default\">\n\t\t\t\t\t\t\t\t\t<ul><li style=\"text-align: left;\"><strong>Humanidad: <\/strong>Del cual seremos guardianes para proteger su vida, honra e integridad. Es el centro de todos los procesos y ser\u00e1 quien motive las acciones y las proyecciones institucionales en la b\u00fasqueda de la excelencia.<\/li><li style=\"text-align: left;\">Es una actitud constante de presencia, trabajo, dedicaci\u00f3n y perseverancia, para lograr los prop\u00f3sitos planteados.<\/li><li style=\"text-align: left;\"><strong>Responsabilidad: <\/strong>Es la respuesta oportuna a las necesidades y requerimientos en materia educativa, como tambi\u00e9n ante los errores y dificultades que se presenten.<\/li><li style=\"text-align: left;\"><strong>Honestidad: <\/strong>No solo se refiere al valor de decir la verdad; tambi\u00e9n se trata a la cualidad con la cual se designa a aquella persona que se muestra, tanto en su obrar como en su manera de pensar, como justa, recta e \u00edntegra. Consiste en actuar de acuerdo como se piensa y se siente, respetando por sobre todas las cosas las normas que se consideran como correctas y adecuadas en la comunidad.<\/li><li style=\"text-align: left;\"><strong>Disciplina: <\/strong>Es la observancia y obediencia de los c\u00f3digos sociales que se hacen presentes en el Manual de Convivencia de la Instituci\u00f3n, por medio del cual se instruye acerca de los buenos patrones de conducta y procedimientos, para mantener el orden y la sana convivencia.<\/li><li style=\"text-align: left;\"><strong>Respeto: <\/strong>Debe estar presente en todos los actos educativos y en el \u00e1mbito escolar donde confluyen las relaciones de todos los actores; porque se educa especialmente con buenos ejemplos, y se forma en coherencia con los derechos humanos.<\/li><li style=\"text-align: left;\"><strong>Sentido de Pertenencia: <\/strong>Nuestra comunidad debe sentirse parte importante de la instituci\u00f3n; de hecho, en esencia es lo mismo. As\u00ed tambi\u00e9n sentir que la Instituci\u00f3n le pertenece para honrarla, aprovecharla y preservarla. Cada miembro debe cuidar como propios el nombre, los bienes y las personas que la conforman.<\/li><\/ul>\t\t\t\t\t\t\t\t<\/div>\n\t\t\t\t\t<\/div>\n\t\t<\/div>\n\t\t\t\t\t<\/div>\n\t\t<\/section>\n\t\t\t\t<\/div>\n\t\t","protected":false},"excerpt":{"rendered":"<p>Todo sobre nosotros<\/p>\n","protected":false},"author":1,"featured_media":0,"parent":0,"menu_order":0,"comment_status":"closed","ping_status":"closed","template":"elementor_header_footer","meta":{"footnotes":""},"class_list":["post-16","page","type-page","status-publish","hentry"],"_links":{"self":[{"href":"https:\/\/www.instmaroto.edu.co\/index.php?rest_route=\/wp\/v2\/pages\/16","targetHints":{"allow":["GET"]}}],"collection":[{"href":"https:\/\/www.instmaroto.edu.co\/index.php?rest_route=\/wp\/v2\/pages"}],"about":[{"href":"https:\/\/www.instmaroto.edu.co\/index.php?rest_route=\/wp\/v2\/types\/page"}],"author":[{"embeddable":true,"href":"https:\/\/www.instmaroto.edu.co\/index.php?rest_route=\/wp\/v2\/users\/1"}],"replies":[{"embeddable":true,"href":"https:\/\/www.instmaroto.edu.co\/index.php?rest_route=%2Fwp%2Fv2%2Fcomments&post=16"}],"version-history":[{"count":46,"href":"https:\/\/www.instmaroto.edu.co\/index.php?rest_route=\/wp\/v2\/pages\/16\/revisions"}],"predecessor-version":[{"id":351,"href":"https:\/\/www.instmaroto.edu.co\/index.php?rest_route=\/wp\/v2\/pages\/16\/revisions\/351"}],"wp:attachment":[{"href":"https:\/\/www.instmaroto.edu.co\/index.php?rest_route=%2Fwp%2Fv2%2Fmedia&parent=16"}],"curies":[{"name":"wp","href":"https:\/\/api.w.org\/{rel}","templated":true}]}}